{"id":1198,"date":"2024-05-29T14:47:43","date_gmt":"2024-05-29T14:47:43","guid":{"rendered":"https:\/\/chalkboardpstg.wpenginepowered.com\/copyright-notice\/"},"modified":"2024-06-10T18:13:21","modified_gmt":"2024-06-10T18:13:21","slug":"politique-de-confidentialite","status":"publish","type":"page","link":"https:\/\/chalkboardplus.com\/fr\/politique-de-confidentialite\/","title":{"rendered":"Politique de confidentialit\u00e9"},"content":{"rendered":"<div class=\"wpb-content-wrapper\">[vc_row][vc_column][vc_column_text css=\u00a0\u00bb.vc_custom_1718043198910{margin-top: 60px !important;margin-bottom: 60px !important;}\u00a0\u00bb]\n<h1>Politique de confidentialit\u00e9<\/h1>\n[\/vc_column_text][vc_column_text]Chalkboard Plus se r\u00e9serve le droit de modifier la pr\u00e9sente politique de confidentialit\u00e9 \u00e0 tout moment. En cas de modifications, nous afficherons celles-ci sur le site Web et l\u00e0 o\u00f9 nous le jugerons utile afin que nos utilisateurs restent au courant des donn\u00e9es recueillies par nos soins, de la mani\u00e8re dont nous les utilisons et de ce qui, de, \u00e9ventullement circonstances qui nous am\u00e8nent \u00e0 les divulguer. Nous utiliserons ces renseignements conform\u00e9ment \u00e0 la politique de confidentialit\u00e9 en vertu de laquelle ils ont \u00e9t\u00e9 recueillis.<\/p>\n<p>Pour toute question au sujet de la politique de confidentialit\u00e9 sur notre site ou toute autre pr\u00e9occupation, veuillez communiquer avec nous \u00e0 l\u2019adresse\u00a0<a href=\"mailto:customerservice@chalkboardplus.com\">customerservice@chalkboardplus.com<\/a>, ou composer le 416 236-4985 ou le 1 800 761-7532.<\/p>\n<h3>Communication<\/h3>\n<p class=\"p1\">Il peut arriver que l\u2019\u00e9quipe de Chalkboard Plus communique directement avec les employ\u00e9s en vue de confirmer une commande ou une demande, d\u2019en v\u00e9rifier le statut ou d\u2019obtenir des clarifications.<\/p>\n<p><strong>Offres et Promotions<\/strong><\/p>\n<p>Il peut arriver que nous vous envoyions des offres sp\u00e9ciales et des promotions par courriel. En nous fournissant une adresse courriel, vous acceptez que Chalkboard Plus (en son propre nom ou au nom de tierces parties) envoie des courriels promotionnels \u00e0 cette adresse, tant que vous ne l\u2019aurez pas aviser du contraire. Remarque : si vous venez de demander d\u2019\u00eatre retir\u00e9 de la liste d\u2019envoi de courriels de promotion de Chalkboard Plus, il se peut que vous continuiez de recevoir de tels courriels au cours des 72 heures qui suivent votre demande (d\u00e9lai requis pour la mise \u00e0 jour de vos pr\u00e9f\u00e9rences dans notre syst\u00e8me informatique). Au-del\u00e0 de ce d\u00e9lai, il se peut que vous receviez de Chalkboard Plus des courriels non promotionnels.<\/p>\n<p><strong>Service \u00e0 la client\u00e8le<\/strong><\/p>\n<p>Nous communiquerons \u00e0 l\u2019occasion avec vous afin de conna\u00eetre votre degr\u00e9 de satisfaction de notre service \u00e0 la client\u00e8le, soit par sondage t\u00e9l\u00e9phonique, soit par courriel.<\/p>\n<h3>Collecte et utilisation des renseignements<\/h3>\n<p>Chalkboard Plus a \u00e0 c\u0153ur la protection de votre vie priv\u00e9e et la confidentialit\u00e9 de vos renseignements personnels. Par cette d\u00e9claration, Chalkboard Plus s\u2019engage \u00e0 prot\u00e9ger la confidentialit\u00e9 des renseignements transmis en ligne. Voici le mode de collecte de renseignements et les pratiques de diffusion utilis\u00e9s pour le site Web chalkboardplus.com.<\/p>\n<p>Nous ne recueillons que les renseignements dont nous avons besoin afin de mieux vous servir.<\/p>\n<p><strong>Donn\u00e9es personnelles recueillies automatiquement<\/strong><\/p>\n<p>Comme la plupart des serveurs de site Web, celui utilis\u00e9 par Chalkboard Plus recueille automatiquement certains renseignements non identifiables au sujet de ses utilisateurs. Cela comprend le protocole Internet (IP), le type de navigateur, le fournisseur de services Internet, les pages de renvoi et de sortie, le type de plateforme, la date, l\u2019heure et le nombre de clics. Ces donn\u00e9es sont utiles pour analyser les tendances, administrer le site, comprendre les mouvements des utilisateurs dans l\u2019ensemble ainsi que la r\u00e9partition d\u00e9mographique g\u00e9n\u00e9rale.<\/p>\n<p><strong>Donn\u00e9es personnelles fournies par vous<\/strong><\/p>\n<p>Lorsque vous utilisez ce site Web, il peut arriver que l\u2019on vous demande de fournir volontairement des \u00ab coordonn\u00e9es \u00bb (information qui pourrait servir \u00e0 vous contacter, tels que vos nom et pr\u00e9nom, adresse postale, num\u00e9ro de t\u00e9l\u00e9phone et adresse courriel, ainsi que l\u2019adresse IP unique de votre ordinateur, le cas \u00e9ch\u00e9ant), des \u00ab renseignements financiers \u00bb (mots de passe et num\u00e9ros de carte de cr\u00e9dit) et des \u00ab renseignements d\u00e9mographiques \u00bb (code postal, ville, sexe, historique d\u2019achats, \u00e2ge, ainsi que les adresses IP non sp\u00e9cifiques \u00e0 votre ordinateur).<\/p>\n<p><strong>Passage d\u2019une commande<\/strong><\/p>\n<p>Dans nos formulaires de commande en ligne, nous vous demandons certains renseignements. Vous devez fournir vos coordonn\u00e9es (nom, entreprise, courriel, num\u00e9ro de t\u00e9l\u00e9phone et adresse de livraison). Vous pouvez \u00eatre amen\u00e9 \u00e0 fournir, volontairement, des renseignements financiers (num\u00e9ro de carte de cr\u00e9dit, date d\u2019expiration). Ces renseignements sont utilis\u00e9s aux fins de confirmation, de facturation et de traitement des commandes. En cas de probl\u00e8me pour traiter une commande, nous nous servirons de ces renseignements pour communiquer avec vous.<\/p>\n<p><strong>Renseignements li\u00e9s \u00e0 l\u2019inscription<\/strong><\/p>\n<p>Il peut arriver que les renseignements li\u00e9s \u00e0 l\u2019inscription ou les donn\u00e9es d\u2019ouverture de session relatives \u00e0 l\u2019utilisateur soient communiqu\u00e9es \u00e0 une soci\u00e9t\u00e9 membre, mais seulement lorsque celle-ci en a besoin pour confirmer l\u2019admissibilit\u00e9 de l\u2019utilisateur au service.<\/p>\n<p><strong>Renseignements globaux<\/strong><\/p>\n<p>Il peut arriver \u00e0 Chalkboard Plus de recueillir et de consigner dans des rapports l\u2019information de suivi globale et des statistiques sur l\u2019utilisation de notre service. Certains renseignements d\u00e9mographiques, dont l\u2019emplacement de l\u2019utilisateur, en font partie. Aucun autre renseignement li\u00e9 \u00e0 la nature des demandes ou des commandes susceptible de permettre l\u2019identification d\u2019une personne n\u2019est utilis\u00e9 ou divulgu\u00e9. Ces rapports peuvent \u00eatre communiqu\u00e9s aux soci\u00e9t\u00e9s membres et aux fournisseurs.<\/p>\n<p><strong>Divulgation de l\u2019information<\/strong><\/p>\n<p>Outre les cas mentionn\u00e9s ici, nous ne transmettons ni ne vendons ou louons aucun renseignement personnel \u00e0 des tiers. Lorsque nous devons communiquer des renseignements \u00e0 des tiers fournisseurs de services, nous ne leur donnons que les renseignements indispensables \u00e0 l\u2019ex\u00e9cution de t\u00e2ches d\u00e9finies, et ils ne sont pas autoris\u00e9s \u00e0 les utiliser \u00e0 d\u2019autres fins.<\/p>\n<p><strong>Transactions financi\u00e8res<\/strong><\/p>\n<p>Lorsque vous effectuez un achat sur ce site, vous consentez \u00e0 fournir \u00e0 des tiers (p. ex. soci\u00e9t\u00e9s de cartes de cr\u00e9dit) vos renseignements financiers ou vos coordonn\u00e9es pour le traitement de votre transaction avec nous.<\/p>\n<p><strong>Tiers fournisseurs de services<\/strong><\/p>\n<p>Il peut arriver que vous fassiez une demande qui n\u00e9cessite l\u2019intervention d\u2019un tiers pour l\u2019obtention du service. Sachez que nous ne divulguons aucune information \u00e0 un tiers fournisseur de services sans votre autorisation pr\u00e9alable.<\/p>\n<p><strong>Livraison<\/strong><\/p>\n<p>S\u2019il arrive que Chalkboard Plus utilise un tiers pour l\u2019exp\u00e9dition ou la livraison d\u2019un achat, elle ne fournit \u00e0 ce tiers que les renseignements requis \u00e0 cet effet.<\/p>\n<p><strong>Divulgation exceptionnelle<\/strong><\/p>\n<p>S\u2019il est vrai que nous mettons tout en \u0153uvre pour pr\u00e9server la confidentialit\u00e9 de vos renseignements personnels, nous nous r\u00e9servons toutefois le droit de divulguer ces renseignements lorsque la loi l\u2019exige ou dans le cadre d\u2019une proc\u00e9dure judiciaire.<\/p>\n<h3>Inscription et service<\/h3>\n<p>Afin d\u2019acc\u00e9der \u00e0 certaines zones de ce site, vous devez d\u2019abord remplir le formulaire d\u2019inscription. Lors de l\u2019inscription, nous vous demanderons de fournir des renseignements personnels (p. ex. nom, adresse courriel, employeur). Ces renseignements sont recueillis afin de simplifier et de rationaliser le processus de commande. Vous aurez \u00e9galement \u00e0 cr\u00e9er des identifiants uniques, c\u2019est-\u00e0-dire un nom d\u2019utilisateur et un mot de passe. Ceux-ci seront utilis\u00e9s pour valider l\u2019acc\u00e8s \u00e0 des zones sp\u00e9cifiques du site pour les membres admissibles.<\/p>\n<p>En nous soumettant votre adresse courriel, vous acceptez que Chalkboard Plus (en son nom ou au nom d\u2019autres parties) vous y envoie des courriels promotionnels, tant que vous ne l\u2019avez pas avis\u00e9 du contraire. Remarque : si vous venez de demander d\u2019\u00eatre retir\u00e9 de la liste d\u2019envoi de courriels de promotion de Chalkboard Plus, il se peut que vous continuiez de recevoir de tels courriels au cours des 72 heures qui suivent votre demande (d\u00e9lai requis pour la mise \u00e0 jour de votre profil). Il se peut que vous receviez de Perkopolis des courriels non promotionnels.<\/p>\n<p><strong>Demande de service<\/strong><\/p>\n<p>Lorsque vous demandez un service par l\u2019entremise d\u2019un formulaire en ligne ou par courrier \u00e9lectronique, nous vous prions de d\u00e9crire en d\u00e9tail la nature du service souhait\u00e9. Ainsi, Chalkboard Plus pourra effectuer la t\u00e2che demand\u00e9e avec succ\u00e8s et efficacit\u00e9.[\/vc_column_text][\/vc_column][\/vc_row]\n<\/div>","protected":false},"excerpt":{"rendered":"<p>[vc_row][vc_column][vc_column_text css=\u00a0\u00bb.vc_custom_1718043198910{margin-top: 60px !important;margin-bottom: 60px !important;}\u00a0\u00bb] Politique de confidentialit\u00e9 [\/vc_column_text][vc_column_text]Chalkboard Plus se r\u00e9serve le droit de modifier la pr\u00e9sente politique de confidentialit\u00e9 \u00e0 tout moment. En cas de modifications, nous afficherons celles-ci sur le site Web et l\u00e0 o\u00f9 nous le jugerons utile afin que nos utilisateurs restent au courant des donn\u00e9es recueillies par nos&hellip;<\/p>\n","protected":false},"author":1,"featured_media":0,"parent":0,"menu_order":0,"comment_status":"closed","ping_status":"closed","template":"","meta":{"_acf_changed":false,"footnotes":""},"class_list":["post-1198","page","type-page","status-publish","hentry","entry","no-media"],"acf":[],"yoast_head":"<!-- This site is optimized with the Yoast SEO plugin v27.2 - https:\/\/yoast.com\/product\/yoast-seo-wordpress\/ -->\n<title>Politique de confidentialit\u00e9 - Chalkboard Plus<\/title>\n<meta name=\"robots\" content=\"index, follow, max-snippet:-1, max-image-preview:large, max-video-preview:-1\" \/>\n<link rel=\"canonical\" href=\"https:\/\/chalkboardplus.com\/copyright-notice\/\" \/>\n<script type=\"application\/ld+json\" class=\"yoast-schema-graph\">{\"@context\":\"https:\/\/schema.org\",\"@graph\":[{\"@type\":\"WebPage\",\"@id\":\"https:\/\/chalkboardplus.com\/copyright-notice\/\",\"url\":\"https:\/\/chalkboardplus.com\/copyright-notice\/\",\"name\":\"Politique de confidentialit\u00e9 - Chalkboard Plus\",\"isPartOf\":{\"@id\":\"https:\/\/chalkboardplus.com\/#website\"},\"datePublished\":\"2024-05-29T14:47:43+00:00\",\"dateModified\":\"2024-06-10T18:13:21+00:00\",\"breadcrumb\":{\"@id\":\"https:\/\/chalkboardplus.com\/copyright-notice\/#breadcrumb\"},\"inLanguage\":\"fr-FR\",\"potentialAction\":[{\"@type\":\"ReadAction\",\"target\":[\"https:\/\/chalkboardplus.com\/copyright-notice\/\"]}]},{\"@type\":\"BreadcrumbList\",\"@id\":\"https:\/\/chalkboardplus.com\/copyright-notice\/#breadcrumb\",\"itemListElement\":[{\"@type\":\"ListItem\",\"position\":1,\"name\":\"Home\",\"item\":\"https:\/\/chalkboardplus.com\/\"},{\"@type\":\"ListItem\",\"position\":2,\"name\":\"Politique de confidentialit\u00e9\"}]},{\"@type\":\"WebSite\",\"@id\":\"https:\/\/chalkboardplus.com\/#website\",\"url\":\"https:\/\/chalkboardplus.com\/\",\"name\":\"Chalkboard Plus\",\"description\":\"\",\"publisher\":{\"@id\":\"https:\/\/chalkboardplus.com\/#organization\"},\"potentialAction\":[{\"@type\":\"SearchAction\",\"target\":{\"@type\":\"EntryPoint\",\"urlTemplate\":\"https:\/\/chalkboardplus.com\/?s={search_term_string}\"},\"query-input\":{\"@type\":\"PropertyValueSpecification\",\"valueRequired\":true,\"valueName\":\"search_term_string\"}}],\"inLanguage\":\"fr-FR\"},{\"@type\":\"Organization\",\"@id\":\"https:\/\/chalkboardplus.com\/#organization\",\"name\":\"Chalkboard Plus\",\"url\":\"https:\/\/chalkboardplus.com\/\",\"logo\":{\"@type\":\"ImageObject\",\"inLanguage\":\"fr-FR\",\"@id\":\"https:\/\/chalkboardplus.com\/#\/schema\/logo\/image\/\",\"url\":\"https:\/\/chalkboardplus.com\/wp-content\/uploads\/2024\/05\/ChalkboardPlus_Logo.svg\",\"contentUrl\":\"https:\/\/chalkboardplus.com\/wp-content\/uploads\/2024\/05\/ChalkboardPlus_Logo.svg\",\"caption\":\"Chalkboard Plus\"},\"image\":{\"@id\":\"https:\/\/chalkboardplus.com\/#\/schema\/logo\/image\/\"},\"sameAs\":[\"https:\/\/www.facebook.com\/chalkboardplus\/\",\"https:\/\/ca.linkedin.com\/showcase\/chalkboard-plus\/\"]}]}<\/script>\n<!-- \/ Yoast SEO plugin. -->","yoast_head_json":{"title":"Politique de confidentialit\u00e9 - Chalkboard Plus","robots":{"index":"index","follow":"follow","max-snippet":"max-snippet:-1","max-image-preview":"max-image-preview:large","max-video-preview":"max-video-preview:-1"},"canonical":"https:\/\/chalkboardplus.com\/copyright-notice\/","schema":{"@context":"https:\/\/schema.org","@graph":[{"@type":"WebPage","@id":"https:\/\/chalkboardplus.com\/copyright-notice\/","url":"https:\/\/chalkboardplus.com\/copyright-notice\/","name":"Politique de confidentialit\u00e9 - Chalkboard Plus","isPartOf":{"@id":"https:\/\/chalkboardplus.com\/#website"},"datePublished":"2024-05-29T14:47:43+00:00","dateModified":"2024-06-10T18:13:21+00:00","breadcrumb":{"@id":"https:\/\/chalkboardplus.com\/copyright-notice\/#breadcrumb"},"inLanguage":"fr-FR","potentialAction":[{"@type":"ReadAction","target":["https:\/\/chalkboardplus.com\/copyright-notice\/"]}]},{"@type":"BreadcrumbList","@id":"https:\/\/chalkboardplus.com\/copyright-notice\/#breadcrumb","itemListElement":[{"@type":"ListItem","position":1,"name":"Home","item":"https:\/\/chalkboardplus.com\/"},{"@type":"ListItem","position":2,"name":"Politique de confidentialit\u00e9"}]},{"@type":"WebSite","@id":"https:\/\/chalkboardplus.com\/#website","url":"https:\/\/chalkboardplus.com\/","name":"Chalkboard Plus","description":"","publisher":{"@id":"https:\/\/chalkboardplus.com\/#organization"},"potentialAction":[{"@type":"SearchAction","target":{"@type":"EntryPoint","urlTemplate":"https:\/\/chalkboardplus.com\/?s={search_term_string}"},"query-input":{"@type":"PropertyValueSpecification","valueRequired":true,"valueName":"search_term_string"}}],"inLanguage":"fr-FR"},{"@type":"Organization","@id":"https:\/\/chalkboardplus.com\/#organization","name":"Chalkboard Plus","url":"https:\/\/chalkboardplus.com\/","logo":{"@type":"ImageObject","inLanguage":"fr-FR","@id":"https:\/\/chalkboardplus.com\/#\/schema\/logo\/image\/","url":"https:\/\/chalkboardplus.com\/wp-content\/uploads\/2024\/05\/ChalkboardPlus_Logo.svg","contentUrl":"https:\/\/chalkboardplus.com\/wp-content\/uploads\/2024\/05\/ChalkboardPlus_Logo.svg","caption":"Chalkboard Plus"},"image":{"@id":"https:\/\/chalkboardplus.com\/#\/schema\/logo\/image\/"},"sameAs":["https:\/\/www.facebook.com\/chalkboardplus\/","https:\/\/ca.linkedin.com\/showcase\/chalkboard-plus\/"]}]}},"_links":{"self":[{"href":"https:\/\/chalkboardplus.com\/fr\/wp-json\/wp\/v2\/pages\/1198","targetHints":{"allow":["GET"]}}],"collection":[{"href":"https:\/\/chalkboardplus.com\/fr\/wp-json\/wp\/v2\/pages"}],"about":[{"href":"https:\/\/chalkboardplus.com\/fr\/wp-json\/wp\/v2\/types\/page"}],"author":[{"embeddable":true,"href":"https:\/\/chalkboardplus.com\/fr\/wp-json\/wp\/v2\/users\/1"}],"replies":[{"embeddable":true,"href":"https:\/\/chalkboardplus.com\/fr\/wp-json\/wp\/v2\/comments?post=1198"}],"version-history":[{"count":0,"href":"https:\/\/chalkboardplus.com\/fr\/wp-json\/wp\/v2\/pages\/1198\/revisions"}],"wp:attachment":[{"href":"https:\/\/chalkboardplus.com\/fr\/wp-json\/wp\/v2\/media?parent=1198"}],"curies":[{"name":"wp","href":"https:\/\/api.w.org\/{rel}","templated":true}]}}